{"id":5578,"date":"2024-08-06T16:07:40","date_gmt":"2024-08-06T21:07:40","guid":{"rendered":"https:\/\/germancastrocaycedo.co\/portal\/?page_id=5578"},"modified":"2024-10-27T17:29:23","modified_gmt":"2024-10-27T22:29:23","slug":"mi-padre-german-castro-caycedo-catalina-castro","status":"publish","type":"page","link":"https:\/\/germancastrocaycedo.co\/portal\/mi-padre-german-castro-caycedo-catalina-castro\/","title":{"rendered":"&#8216;Mi padre, Germ\u00e1n Castro Caycedo&#8217;"},"content":{"rendered":"\n<blockquote class=\"wp-block-quote is-layout-flow wp-block-quote-is-layout-flow\">\n<p><strong>Mi padre, German Castro Caycedo&nbsp;no es solo una biograf\u00eda; es la celebraci\u00f3n de la vida de un hombre emp\u00edrico, que vivi\u00f3 con intensidad y ejerci\u00f3 el periodismo con pasi\u00f3n.<\/strong><\/p>\n<\/blockquote>\n\n\n\n<hr class=\"wp-block-separator has-alpha-channel-opacity\"\/>\n\n\n\n<div class=\"wp-block-media-text alignfull is-stacked-on-mobile\" style=\"grid-template-columns:20% auto\"><figure class=\"wp-block-media-text__media\"><img loading=\"lazy\" decoding=\"async\" width=\"668\" height=\"1024\" src=\"https:\/\/germancastrocaycedo.co\/portal\/wp-content\/uploads\/2024\/08\/portada-mi-padre-1-668x1024.png\" alt=\"Portada del libro &#039;Mi padre, Germ\u00e1n Castro Caycedo.\" class=\"wp-image-5612 size-full\" title=\"\" srcset=\"https:\/\/germancastrocaycedo.co\/portal\/wp-content\/uploads\/2024\/08\/portada-mi-padre-1-668x1024.png 668w, https:\/\/germancastrocaycedo.co\/portal\/wp-content\/uploads\/2024\/08\/portada-mi-padre-1-196x300.png 196w, https:\/\/germancastrocaycedo.co\/portal\/wp-content\/uploads\/2024\/08\/portada-mi-padre-1-768x1177.png 768w, https:\/\/germancastrocaycedo.co\/portal\/wp-content\/uploads\/2024\/08\/portada-mi-padre-1-62x95.png 62w, https:\/\/germancastrocaycedo.co\/portal\/wp-content\/uploads\/2024\/08\/portada-mi-padre-1.png 783w\" sizes=\"auto, (max-width: 668px) 100vw, 668px\" \/><\/figure><div class=\"wp-block-media-text__content\">\n<p><strong>\u00ab<\/strong>Tres a\u00f1os despu\u00e9s de su fallecimiento, Catalina, su hija, narra en este libro profundamente emotivo la vida y el legado de su padre. Es un testimonio de amor filial, pero tambi\u00e9n un relato basado en una minuciosa investigaci\u00f3n de casi una d\u00e9cada, que inici\u00f3 de la mano del propio Germ\u00e1n Castro Caycedo. A trav\u00e9s de cartas, recuerdos personales, an\u00e9cdotas y conversaciones, ella nos invita a hacer un viaje \u00edntimo que recorre la historia de su padre desde su nacimiento en Zipaquir\u00e1, en 1940. Este es un paseo por su prol\u00edfica carrera en toda su complejidad<strong>\u00bb<\/strong>.<\/p>\n\n\n\n<p><strong>Editorial Planeta.<\/strong><\/p>\n<\/div><\/div>\n\n\n\n<hr class=\"wp-block-separator has-alpha-channel-opacity\"\/>\n\n\n\n<h2 class=\"wp-block-heading has-text-align-center\">Presentaci\u00f3n<\/h2>\n\n\n\n<figure class=\"wp-block-embed is-type-video is-provider-youtube wp-block-embed-youtube wp-embed-aspect-16-9 wp-has-aspect-ratio\"><div class=\"wp-block-embed__wrapper\">\n<iframe loading=\"lazy\" title=\"Presentaci\u00f3n del libro &#039;Mi padre, Germ\u00e1n Castro Caycedo&#039;\" width=\"1140\" height=\"641\" src=\"https:\/\/www.youtube.com\/embed\/jrU4w8R32rE?feature=oembed\" frameborder=\"0\" allow=\"accelerometer; autoplay; clipboard-write; encrypted-media; gyroscope; picture-in-picture; web-share\" referrerpolicy=\"strict-origin-when-cross-origin\" allowfullscreen><\/iframe>\n<\/div><\/figure>\n\n\n\n<hr class=\"wp-block-separator has-alpha-channel-opacity\"\/>\n\n\n\n<h2 class=\"wp-block-heading has-text-align-center\">En medios<\/h2>\n\n\n\n<div style=\"border: 1px solid #ddd; border-radius: 8px; box-shadow: 0 4px 8px rgba(0, 0, 0, 0.1); max-width: 800px; margin: 20px auto; overflow: hidden;\">\n    <a href=\"https:\/\/germancastrocaycedo.co\/portal\/2024\/08\/17\/un-intercambio-literario-catalina-castro-blanchet-y-alvaro-castillo-granada-sobre-la-arquitectura-textual-de-mi-padre-german-castro-caycedo\/\" style=\"text-decoration: none; color: inherit;\">\n        <img decoding=\"async\" src=\"https:\/\/germancastrocaycedo.co\/portal\/wp-content\/uploads\/2024\/08\/intercambio-epistolar-castillo-castro-1.jpg\" alt=\"Un intercambio literario: Catalina Castro Blanchet y \u00c1lvaro Castillo Granada sobre la &#039;arquitectura textual&#039; de Mi padre, Germ\u00e1n Castro Caycedo\" style=\"width: 100%; height: auto;\" title=\"\">\n        <div style=\"padding: 20px; background: #fff;\">\n            <h2 style=\"font-size: 24px; margin-bottom: 10px; line-height: 1.2; color: #333;\">Un intercambio literario: Catalina Castro Blanchet y \u00c1lvaro Castillo Granada sobre la &#8216;arquitectura textual&#8217; de Mi padre, Germ\u00e1n Castro Caycedo<\/h2>\n            <p style=\"font-size: 16px; color: #666; margin-bottom: 20px;\">En un di\u00e1logo epistolar lleno de nostalgia y admiraci\u00f3n, Catalina Castro Blanchet y \u00c1lvaro Castillo Granada reflexionan sobre la obra Mi padre, Germ\u00e1n Castro Caycedo, destacando la profunda conexi\u00f3n entre la arquitectura y la escritura que permea esta biograf\u00eda.<\/p>\n            <div style=\"text-align: center;\">\n                <span style=\"display: inline-block; padding: 10px 15px; background-color: #28a745; color: #fff; border-radius: 4px; text-align: center; transition: background-color 0.3s ease;\">Leer m\u00e1s<\/span>\n            <\/div>\n        <\/div>\n    <\/a>\n<\/div>\n\n\n\n<hr class=\"wp-block-separator has-alpha-channel-opacity\"\/>\n\n\n\n<div class=\"wp-block-group\"><div class=\"wp-block-group__inner-container is-layout-constrained wp-block-group-is-layout-constrained\">\n<div class=\"wp-block-group\"><div class=\"wp-block-group__inner-container is-layout-constrained wp-block-group-is-layout-constrained\">\n<div id=\"category-posts-container\"><\/div>\n<button id=\"load-more-btn\" class=\"load-more-button\">Leer m\u00e1s<\/button>\n\n<script>\ndocument.addEventListener('DOMContentLoaded', function() {\n    let page = 1;\n    const postsContainer = document.getElementById('category-posts-container');\n    const loadMoreBtn = document.getElementById('load-more-btn');\n\n    function loadPosts() {\n        fetch(`\/wp-json\/wp\/v2\/posts?categories=189&_embed&per_page=6&page=${page}`)\n            .then(response => {\n                if (!response.ok) {\n                    throw new Error('Network response was not ok ' + response.statusText);\n                }\n                return response.json();\n            })\n            .then(posts => {\n                if (posts.length > 0) {\n                    posts.forEach(post => {\n                        const postItem = document.createElement('div');\n                        postItem.className = 'post-item';\n                        const featuredImage = post._embedded && post._embedded['wp:featuredmedia'] && post._embedded['wp:featuredmedia'][0] ? `\n                            <img decoding=\"async\" src=\"${post._embedded['wp:featuredmedia'][0].source_url}\" alt=\"${post.title.rendered}\">\n                        ` : '';\n                        postItem.innerHTML = `\n                            ${featuredImage}\n                            <h2><a href=\"${post.link}\">${post.title.rendered}<\/a><\/h2>\n                            <p>${post.excerpt.rendered}<\/p>\n                        `;\n                        postsContainer.appendChild(postItem);\n                    });\n                    page++;\n                } else {\n                    loadMoreBtn.style.display = 'none';\n                }\n            })\n            .catch(error => console.error('Error fetching posts:', error));\n    }\n\n    loadMoreBtn.addEventListener('click', loadPosts);\n\n    \/\/ Initial load\n    loadPosts();\n});\n<\/script>\n\n<style>\n\/* Contenedor de la cuadr\u00edcula de las publicaciones *\/\n#category-posts-container {\n    display: grid;\n    grid-template-columns: repeat(auto-fit, minmax(300px, 1fr));\n    gap: 20px;\n    margin: 20px 0;\n    max-width: 1200px;\n    margin: 0 auto;\n    padding: 20px;\n}\n\n\/* Estilo de cada elemento de la publicaci\u00f3n *\/\n.post-item {\n    background: #ffffff;\n    padding: 20px;\n    border: 1px solid #ddd;\n    border-radius: 8px;\n    box-shadow: 0 2px 4px rgba(0, 0, 0, 0.1);\n    transition: transform 0.3s ease, box-shadow 0.3s ease;\n}\n\n.post-item:hover {\n    transform: translateY(-5px);\n    box-shadow: 0 4px 8px rgba(0, 0, 0, 0.2);\n}\n\n.post-item img {\n    max-width: 100%;\n    height: auto;\n    border-radius: 8px;\n    margin-bottom: 10px;\n}\n\n.post-item h2 {\n    font-size: 1.5em;\n    margin-bottom: 10px;\n    line-height: 1.2; \/* Ajuste de espaciado *\/\n    text-align: left; \/* Alinear a la izquierda *\/\n}\n\n.post-item h2 a {\n    color: #333;\n    text-decoration: none;\n}\n\n.post-item h2 a:hover {\n    color: #0073aa;\n}\n\n.post-item p {\n    color: #666;\n    line-height: 1.5; \/* Ajuste de espaciado *\/\n    margin: 0; \/* Eliminar espaciado adicional *\/\n    text-align: left; \/* Alinear a la izquierda *\/\n}\n\n\/* Estilo del bot\u00f3n de \"Leer m\u00e1s\" *\/\n.load-more-button {\n    display: block;\n    margin: 20px auto;\n    padding: 10px 20px;\n    background-color: darkgreen;\n    color: white;\n    border: none;\n    border-radius: 5px;\n    cursor: pointer;\n    font-size: 16px;\n    text-align: center;\n}\n\n.load-more-button:hover {\n    background-color: green;\n}\n<\/style>\n<\/div><\/div>\n<\/div><\/div>\n\n\n\n<hr class=\"wp-block-separator has-alpha-channel-opacity\"\/>\n\n\n\n<h2 class=\"wp-block-heading has-text-align-center\">En video<\/h2>\n\n\n\n<figure class=\"wp-block-embed is-type-video is-provider-youtube wp-block-embed-youtube wp-embed-aspect-16-9 wp-has-aspect-ratio\"><div class=\"wp-block-embed__wrapper\">\n<iframe loading=\"lazy\" title=\"Catalina Castro Blanchet presenta &#039;Mi padre, Germ\u00e1n Castro Caycedo&#039; en la Universidad Javeriana\" width=\"1140\" height=\"641\" src=\"https:\/\/www.youtube.com\/embed\/XeLVXt5OYTQ?feature=oembed\" frameborder=\"0\" allow=\"accelerometer; autoplay; clipboard-write; encrypted-media; gyroscope; picture-in-picture; web-share\" referrerpolicy=\"strict-origin-when-cross-origin\" allowfullscreen><\/iframe>\n<\/div><figcaption class=\"wp-element-caption\">En este video, Catalina Castro Blanchet, hija del periodista Germ\u00e1n Castro Caycedo, dialoga sobre el legado y la rigurosa metodolog\u00eda de su padre en una conversaci\u00f3n organizada en la Universidad Javeriana. Acompa\u00f1ada de las destacadas periodistas Marisol Cano Busquets y Ginna Piedad Morelo, Catalina profundiza en el enfoque narrativo que Germ\u00e1n aplicaba en sus cr\u00f3nicas, caracterizado por su meticulosa planificaci\u00f3n y su cercan\u00eda a las realidades colombianas. La conversaci\u00f3n tambi\u00e9n revela an\u00e9cdotas personales y detalles in\u00e9ditos de su obra, <em>Mi padre, Germ\u00e1n Castro Caycedo<\/em>, que ofrecen una visi\u00f3n \u00edntima y profesional del cronista.<\/figcaption><\/figure>\n\n\n\n<div class=\"wp-block-columns is-layout-flex wp-container-core-columns-is-layout-9d6595d7 wp-block-columns-is-layout-flex\">\n<div class=\"wp-block-column is-layout-flow wp-block-column-is-layout-flow\">\n<figure class=\"wp-block-embed is-type-video is-provider-youtube wp-block-embed-youtube wp-embed-aspect-16-9 wp-has-aspect-ratio\"><div class=\"wp-block-embed__wrapper\">\n<iframe loading=\"lazy\" title=\"Desde la periferia con Mario Mendoza: una conversaci\u00f3n con la autora Catalina Castro\" width=\"1140\" height=\"641\" src=\"https:\/\/www.youtube.com\/embed\/cyBkM68MF9I?feature=oembed\" frameborder=\"0\" allow=\"accelerometer; autoplay; clipboard-write; encrypted-media; gyroscope; picture-in-picture; web-share\" referrerpolicy=\"strict-origin-when-cross-origin\" allowfullscreen><\/iframe>\n<\/div><figcaption class=\"wp-element-caption\"><strong><mark style=\"background-color:#000000\" class=\"has-inline-color has-white-color\">Desde la Periferia &#8211; Planeta<\/mark><\/strong><\/figcaption><\/figure>\n<\/div>\n\n\n\n<div class=\"wp-block-column is-layout-flow wp-block-column-is-layout-flow\">\n<figure class=\"wp-block-embed is-type-video is-provider-youtube wp-block-embed-youtube wp-embed-aspect-16-9 wp-has-aspect-ratio\"><div class=\"wp-block-embed__wrapper\">\n<iframe loading=\"lazy\" title=\"Se\u00f1al Literaria - Cap\u00edtulo completo Homenaje a Germ\u00e1n Castro Caycedo - Martes 03 de septiembre\" width=\"1140\" height=\"641\" src=\"https:\/\/www.youtube.com\/embed\/H4R0I1KyFQo?feature=oembed\" frameborder=\"0\" allow=\"accelerometer; autoplay; clipboard-write; encrypted-media; gyroscope; picture-in-picture; web-share\" referrerpolicy=\"strict-origin-when-cross-origin\" allowfullscreen><\/iframe>\n<\/div><figcaption class=\"wp-element-caption\"><strong><mark style=\"background-color:#000000\" class=\"has-inline-color has-white-color\">Se\u00f1al Literaria &#8211; Se\u00f1al Colombia<\/mark><\/strong><\/figcaption><\/figure>\n<\/div>\n<\/div>\n\n\n\n<div class=\"wp-block-columns is-layout-flex wp-container-core-columns-is-layout-9d6595d7 wp-block-columns-is-layout-flex\">\n<div class=\"wp-block-column is-layout-flow wp-block-column-is-layout-flow\">\n<figure class=\"wp-block-embed is-type-video is-provider-youtube wp-block-embed-youtube wp-embed-aspect-16-9 wp-has-aspect-ratio\"><div class=\"wp-block-embed__wrapper\">\n<iframe loading=\"lazy\" title=\"En la librer\u00eda con Catalina Castro Blanchet\" width=\"1140\" height=\"641\" src=\"https:\/\/www.youtube.com\/embed\/xC2w-aAjRPI?feature=oembed\" frameborder=\"0\" allow=\"accelerometer; autoplay; clipboard-write; encrypted-media; gyroscope; picture-in-picture; web-share\" referrerpolicy=\"strict-origin-when-cross-origin\" allowfullscreen><\/iframe>\n<\/div><figcaption class=\"wp-element-caption\"><strong><strong><strong><mark style=\"background-color:#000000\" class=\"has-inline-color has-white-color\">En la Librer\u00eda &#8211; Revista Diners<\/mark><\/strong><\/strong><\/strong><\/figcaption><\/figure>\n<\/div>\n\n\n\n<div class=\"wp-block-column is-layout-flow wp-block-column-is-layout-flow\">\n<figure class=\"wp-block-embed is-type-video is-provider-youtube wp-block-embed-youtube wp-embed-aspect-16-9 wp-has-aspect-ratio\"><div class=\"wp-block-embed__wrapper\">\n<iframe loading=\"lazy\" title=\"Entrevista de Laura Galindo a Catalina Castro Blanchet en RTVC Noticias\" width=\"1140\" height=\"641\" src=\"https:\/\/www.youtube.com\/embed\/SgEEiK4BR1I?feature=oembed\" frameborder=\"0\" allow=\"accelerometer; autoplay; clipboard-write; encrypted-media; gyroscope; picture-in-picture; web-share\" referrerpolicy=\"strict-origin-when-cross-origin\" allowfullscreen><\/iframe>\n<\/div><figcaption class=\"wp-element-caption\"><strong><strong><strong><mark style=\"background-color:#000000\" class=\"has-inline-color has-white-color\">RTVC Noticias<\/mark><\/strong><\/strong><\/strong><\/figcaption><\/figure>\n<\/div>\n<\/div>\n\n\n\n<div class=\"wp-block-columns is-layout-flex wp-container-core-columns-is-layout-9d6595d7 wp-block-columns-is-layout-flex\">\n<div class=\"wp-block-column is-layout-flow wp-block-column-is-layout-flow\">\n<figure class=\"wp-block-embed is-type-video is-provider-youtube wp-block-embed-youtube wp-embed-aspect-16-9 wp-has-aspect-ratio\"><div class=\"wp-block-embed__wrapper\">\n<iframe loading=\"lazy\" title=\"Germ\u00e1n Castro Caycedo, el hombre que ejerci\u00f3 el periodismo con pasi\u00f3n: as\u00ed lo recuerda su hija\" width=\"1140\" height=\"641\" src=\"https:\/\/www.youtube.com\/embed\/M4lveD09AYk?feature=oembed\" frameborder=\"0\" allow=\"accelerometer; autoplay; clipboard-write; encrypted-media; gyroscope; picture-in-picture; web-share\" referrerpolicy=\"strict-origin-when-cross-origin\" allowfullscreen><\/iframe>\n<\/div><figcaption class=\"wp-element-caption\"><strong><strong><strong><mark style=\"background-color:#000000\" class=\"has-inline-color has-white-color\">Noticias Caracol<\/mark><\/strong><\/strong><\/strong><\/figcaption><\/figure>\n<\/div>\n\n\n\n<div class=\"wp-block-column is-layout-flow wp-block-column-is-layout-flow\">\n<figure class=\"wp-block-embed is-type-video is-provider-youtube wp-block-embed-youtube wp-embed-aspect-16-9 wp-has-aspect-ratio\"><div class=\"wp-block-embed__wrapper\">\n<iframe loading=\"lazy\" title=\"TVO Leyendo: Mi Padre, Germ\u00e1n Castro Caycedo\" width=\"1140\" height=\"641\" src=\"https:\/\/www.youtube.com\/embed\/Y2Un6y4ciXg?feature=oembed\" frameborder=\"0\" allow=\"accelerometer; autoplay; clipboard-write; encrypted-media; gyroscope; picture-in-picture; web-share\" referrerpolicy=\"strict-origin-when-cross-origin\" allowfullscreen><\/iframe>\n<\/div><figcaption class=\"wp-element-caption\"><strong><mark style=\"background-color:#000000\" class=\"has-inline-color has-white-color\">Noticias RCN<\/mark><\/strong><\/figcaption><\/figure>\n<\/div>\n<\/div>\n\n\n\n<div class=\"wp-block-columns is-layout-flex wp-container-core-columns-is-layout-9d6595d7 wp-block-columns-is-layout-flex\">\n<div class=\"wp-block-column is-layout-flow wp-block-column-is-layout-flow\">\n<figure class=\"wp-block-embed is-type-video is-provider-youtube wp-block-embed-youtube wp-embed-aspect-16-9 wp-has-aspect-ratio\"><div class=\"wp-block-embed__wrapper\">\n<iframe loading=\"lazy\" title=\"\u00bfFue Germ\u00e1n Castro Caycedo el mejor cronista de su \u00e9poca?\" width=\"1140\" height=\"641\" src=\"https:\/\/www.youtube.com\/embed\/scb_7A7eZCI?feature=oembed\" frameborder=\"0\" allow=\"accelerometer; autoplay; clipboard-write; encrypted-media; gyroscope; picture-in-picture; web-share\" referrerpolicy=\"strict-origin-when-cross-origin\" allowfullscreen><\/iframe>\n<\/div><figcaption class=\"wp-element-caption\"><strong><mark style=\"background-color:#000000\" class=\"has-inline-color has-white-color\">Casa Macondo<\/mark><\/strong><\/figcaption><\/figure>\n<\/div>\n\n\n\n<div class=\"wp-block-column is-layout-flow wp-block-column-is-layout-flow\">\n<figure class=\"wp-block-embed is-type-video is-provider-youtube wp-block-embed-youtube wp-embed-aspect-16-9 wp-has-aspect-ratio\"><div class=\"wp-block-embed__wrapper\">\n<iframe loading=\"lazy\" title=\"&#039;Mi padre, Germ\u00e1n Castro Caycedo&#039;: entrevista con Catalina Castro Blanchet\" width=\"1140\" height=\"641\" src=\"https:\/\/www.youtube.com\/embed\/jaoqU0yQG0Y?feature=oembed\" frameborder=\"0\" allow=\"accelerometer; autoplay; clipboard-write; encrypted-media; gyroscope; picture-in-picture; web-share\" referrerpolicy=\"strict-origin-when-cross-origin\" allowfullscreen><\/iframe>\n<\/div><figcaption class=\"wp-element-caption\"><strong><mark style=\"background-color:#000000\" class=\"has-inline-color has-white-color\">Radi\u00f3nica<\/mark><\/strong><\/figcaption><\/figure>\n<\/div>\n<\/div>\n\n\n\n<hr class=\"wp-block-separator has-alpha-channel-opacity\"\/>\n\n\n\n<blockquote class=\"wp-block-quote is-layout-flow wp-block-quote-is-layout-flow\">\n<p><p style=\"color: black;\"><strong>La vida es un c\u00edrculo. S\u00ed, pap\u00e1: un alacr\u00e1n que se muerde la cola. Escribiste mi nacimiento, mi matrimonio y los nacimientos de mis hijas. Ahora yo debo cerrar el c\u00edrculo y relatar tu muerte para perpetuar tu vida.<\/strong><\/p><\/p>\n<cite><strong>Catalina Castro Blanchet.<\/strong><\/cite><\/blockquote>\n\n\n\n<figure class=\"wp-block-image size-large\"><img loading=\"lazy\" decoding=\"async\" width=\"1024\" height=\"628\" src=\"https:\/\/germancastrocaycedo.co\/portal\/wp-content\/uploads\/2024\/08\/Catalina-y-German-1024x628.jpg\" alt=\"\" class=\"wp-image-5618\" title=\"\" srcset=\"https:\/\/germancastrocaycedo.co\/portal\/wp-content\/uploads\/2024\/08\/Catalina-y-German-1024x628.jpg 1024w, https:\/\/germancastrocaycedo.co\/portal\/wp-content\/uploads\/2024\/08\/Catalina-y-German-300x184.jpg 300w, https:\/\/germancastrocaycedo.co\/portal\/wp-content\/uploads\/2024\/08\/Catalina-y-German-768x471.jpg 768w, https:\/\/germancastrocaycedo.co\/portal\/wp-content\/uploads\/2024\/08\/Catalina-y-German-1536x942.jpg 1536w, https:\/\/germancastrocaycedo.co\/portal\/wp-content\/uploads\/2024\/08\/Catalina-y-German-2048x1256.jpg 2048w, https:\/\/germancastrocaycedo.co\/portal\/wp-content\/uploads\/2024\/08\/Catalina-y-German-1140x699.jpg 1140w, https:\/\/germancastrocaycedo.co\/portal\/wp-content\/uploads\/2024\/08\/Catalina-y-German-155x95.jpg 155w\" sizes=\"auto, (max-width: 1024px) 100vw, 1024px\" \/><\/figure>\n","protected":false},"excerpt":{"rendered":"<p>Mi padre, German Castro Caycedo&nbsp;no es solo una biograf\u00eda; es la celebraci\u00f3n de la vida de un hombre emp\u00edrico, que vivi\u00f3 con intensidad y ejerci\u00f3 el periodismo con pasi\u00f3n. \u00abTres a\u00f1os despu\u00e9s de su fallecimiento, Catalina, su hija, narra en este libro profundamente emotivo la vida y el legado de su padre. Es un testimonio [&hellip;]<\/p>\n","protected":false},"author":2,"featured_media":5510,"parent":0,"menu_order":0,"comment_status":"closed","ping_status":"closed","template":"","meta":{"footnotes":""},"class_list":["post-5578","page","type-page","status-publish","has-post-thumbnail","hentry"],"_links":{"self":[{"href":"https:\/\/germancastrocaycedo.co\/portal\/wp-json\/wp\/v2\/pages\/5578","targetHints":{"allow":["GET"]}}],"collection":[{"href":"https:\/\/germancastrocaycedo.co\/portal\/wp-json\/wp\/v2\/pages"}],"about":[{"href":"https:\/\/germancastrocaycedo.co\/portal\/wp-json\/wp\/v2\/types\/page"}],"author":[{"embeddable":true,"href":"https:\/\/germancastrocaycedo.co\/portal\/wp-json\/wp\/v2\/users\/2"}],"replies":[{"embeddable":true,"href":"https:\/\/germancastrocaycedo.co\/portal\/wp-json\/wp\/v2\/comments?post=5578"}],"version-history":[{"count":42,"href":"https:\/\/germancastrocaycedo.co\/portal\/wp-json\/wp\/v2\/pages\/5578\/revisions"}],"predecessor-version":[{"id":5774,"href":"https:\/\/germancastrocaycedo.co\/portal\/wp-json\/wp\/v2\/pages\/5578\/revisions\/5774"}],"wp:featuredmedia":[{"embeddable":true,"href":"https:\/\/germancastrocaycedo.co\/portal\/wp-json\/wp\/v2\/media\/5510"}],"wp:attachment":[{"href":"https:\/\/germancastrocaycedo.co\/portal\/wp-json\/wp\/v2\/media?parent=5578"}],"curies":[{"name":"wp","href":"https:\/\/api.w.org\/{rel}","templated":true}]}}