{"id":3693,"date":"2019-07-19T15:30:54","date_gmt":"2019-07-19T20:30:54","guid":{"rendered":"http:\/\/germancastrocaycedo.co\/portal\/?page_id=3693"},"modified":"2024-08-01T05:28:47","modified_gmt":"2024-08-01T10:28:47","slug":"television-enviado-especial","status":"publish","type":"page","link":"https:\/\/germancastrocaycedo.co\/portal\/television-enviado-especial\/","title":{"rendered":"TV"},"content":{"rendered":"[vc_row][vc_column css=\u00bb.vc_custom_1563568366501{margin-top: 50px !important;}\u00bb][tt_section_title title_alignment=\u00bbtext-center\u00bb section_separator=\u00bbno\u00bb title=\u00bbEnviado Especial\u00bb]\n<p style=\"text-align: left;\">Durante diez a\u00f1os como cronista del diario El Tiempo, recorr\u00ed el pa\u00eds desde La Guajira en el extremo Norte de El Caribe, hasta la Amazon\u00eda: Leticia, La Pedrera, Tarapac\u00e1\u2026 Nari\u00f1o, El Putumayo Caquet\u00e1. O desde El litoral Pac\u00edfico en su extensi\u00f3n: R\u00edo Mira y El Anc\u00f3n de Sardinas a Punta Ardita y Cocalito, y de all\u00ed hasta el Orinoco y el Rio Negro en los l\u00edmites con Venezuela y el Brasil, porque sab\u00eda que para plasmar una historia es imprescindible hacerlo en los mismos lugares donde ha ocurrido.<\/p>\n<details>\n<summary style=\"cursor: pointer;\"><strong>Ampliar \/ Reducir<\/strong><\/summary>\n<p style=\"text-align: left;\">Miles de kil\u00f3metros en avi\u00f3n, en carro, en mula, muchas veces a pie, para captar la vida en un pa\u00eds de culturas disimiles, maravillas y contradicciones a la vez, y por tanto, me impresionaba el panorama de la televisi\u00f3n nacional, donde periodismo eran dos programas con entrevistas personales dentro de un estudio.<\/p>\n<p style=\"text-align: left;\">Entonces no ten\u00eda conexiones con aquel medio, pero tiempo despu\u00e9s, una ma\u00f1ana recib\u00ed el llamado de uno de los due\u00f1os de Cromos, la tradicional revista de modas y acontecimientos sociales.<\/p>\n<p style=\"text-align: left;\">\u00bfYo director de aquello?, me pregunt\u00e9, pero luego entend\u00ed que, s\u00ed, que desde luego: aquel podr\u00eda ser mi camino a la televisi\u00f3n.<\/p>\n<p style=\"text-align: left;\">En el encuentro con Fernando Restrepo, uno de los due\u00f1os de Cromos y a la vez, socio de la Productora RTI Televisi\u00f3n &#8212;entonces la m\u00e1s importante del pa\u00eds&#8212;, le expliqu\u00e9 c\u00f3mo siempre hab\u00eda orientado mi trabajo, el conocimiento de esa Colombia humana y muchas veces contradictoria, diversa, pero a la vez de nieve y de desiertos, de llanuras y monta\u00f1as que parec\u00edan alcanzar los cielos.<\/p>\n<p style=\"text-align: left;\">No hablamos de Cromos. \u00c9l escuchaba y en una pausa le dijo a su secretaria:<\/p>\n<p style=\"text-align: left;\">&#8212; Comun\u00edqueme con Fernando.<\/p>\n<p style=\"text-align: left;\">Fernando G\u00f3mez Agudelo, el hombre m\u00e1s importante que ha tenido nuestra televisi\u00f3n en su historia.<\/p>\n<p style=\"text-align: left;\">Dif\u00edcil de creer que Fernando dejara su sede y viniera hasta un edificio contiguo al suyo.<\/p>\n<p style=\"text-align: left;\">Solo el verlo all\u00ed, me impresion\u00f3 much\u00edsimo, por su historia, por su visi\u00f3n de la vida, por sus capacidades. Por su imagen de hombre fuera de serie.<\/p>\n<p style=\"text-align: left;\">Con \u00e9l se repiti\u00f3 el di\u00e1logo: la Colombia intocada y por tanto insospechada. Aquel pa\u00eds poblado por seres valientes pero ante todo inteligentes y capaces, que contratan \u201clloronas\u201d para acentuar un duelo, o tocan arpa y bailan zumba-que-zumba en los funerales de los ni\u00f1os (\u201centierros de angelito\u201d), para agradecerle a Dios que se los hubiera llevado antes que condenarlos a este mundo de dolor.<\/p>\n<p style=\"text-align: left;\">Fernando G\u00f3mez Agudelo era la televisi\u00f3n: cuando ten\u00eda veinticinco a\u00f1os fue recomendado para ejercer el cargo de director de la Radio Nacional: era uno de los m\u00e1s famosos mel\u00f3manos de Colombia y fue presentado al presidente\u00a0 Gustavo Rojas Pinilla que reci\u00e9n comenzaba a gobernar.<\/p>\n<p style=\"text-align: left;\">Fernando lo escuch\u00f3 y finalmente le dijo:<\/p>\n<p style=\"text-align: left;\">&#8212; Dentro de un a\u00f1o, Colombia no solo escuchar\u00e1 su discurso sino lo podr\u00e1 ver en sus casas. Hay que traer ya la televisi\u00f3n a Colombia.<\/p>\n<p style=\"text-align: left;\">&#8212; \u00bfTelevisi\u00f3n?\u2026<\/p>\n<p style=\"text-align: left;\">Viaj\u00f3 a los Estados Unidos donde lo gui\u00f3 su hermano el cient\u00edfico, se sumergi\u00f3 en ese mundo, plante\u00f3 los primeros pasos en el \u00e1mbito t\u00e9cnico, pero una de sus conclusiones fue que nuestra monta\u00f1as descomunales imped\u00edan el tr\u00e1nsito de las se\u00f1ales para cubrir al pa\u00eds. No exist\u00edan los sat\u00e9lites y era necesario idear la manera de desafiar las cumbres.<\/p>\n<p style=\"text-align: left;\">&#8212; \u00bfSoluci\u00f3n?<\/p>\n<p style=\"text-align: left;\">Viajar a Alemania &#8212; otra cara del mundo de la tecnolog\u00eda&#8212; y all\u00ed, con la ayuda de ingenieros y expertos lleg\u00f3 finalmente a la soluci\u00f3n:<\/p>\n<p style=\"text-align: left;\">Idear una serie de plantas que se llamar\u00edan \u201crepetidoras\u201d y ubicarlas en lo alto de ciertas monta\u00f1as, de manera que la se\u00f1al se desplazara a todos los rincones de Colombia sin interferencias.<\/p>\n<p style=\"text-align: left;\">Cuando Rojas Pinilla cumpli\u00f3 su primer a\u00f1o de gobierno, el pa\u00eds lo escuch\u00f3 y lo vio frente a sus caras.<\/p>\n<p style=\"text-align: left;\">Fernando G\u00f3mez Agudelo ten\u00eda ahora veintis\u00e9is a\u00f1os.<\/p>\n<p style=\"text-align: left;\">La reuni\u00f3n en la direcci\u00f3n de la revista Cromos fue rematada con una frase de Fernando mir\u00e1ndome con fijeza:<\/p>\n<p style=\"text-align: left;\">&#8212; Quiero que te vincules a RTI Televisi\u00f3n\u2026 Tu programa se llamar\u00e1, ENVIADO ESPECIAL.<\/p>\n<\/details>\n[\/tt_section_title][vc_raw_html]JTVCeW90dXdwJTIwdHlwZSUzRCUyMnBsYXlsaXN0JTIyJTIwaWQlM0QlMjJQTFdxRzc1SUpMSkYwZHdmdC0wdFZBMDdLeGxxbm5xZ0NUJTIyJTIwJTVE[\/vc_raw_html][tt_section_title title_alignment=\u00bbtext-center\u00bb section_separator=\u00bbno\u00bb title=\u00bbEntrevistas en TV\u00bb][\/tt_section_title][vc_raw_html]JTVCeW90dXdwJTIwdHlwZSUzRCUyMnBsYXlsaXN0JTIyJTIwaWQlM0QlMjJQTFdxRzc1SUpMSkYzWHlfM19lVmNzRU5GOV90S3NGX25sJTIyJTIwJTVE[\/vc_raw_html][\/vc_column][\/vc_row]\n","protected":false},"excerpt":{"rendered":"<p>[vc_row][vc_column css=\u00bb.vc_custom_1563568366501{margin-top: 50px !important;}\u00bb][tt_section_title title_alignment=\u00bbtext-center\u00bb section_separator=\u00bbno\u00bb title=\u00bbEnviado Especial\u00bb] Durante diez a\u00f1os como cronista del diario El Tiempo, recorr\u00ed el pa\u00eds desde La Guajira en el extremo Norte de El Caribe, hasta la Amazon\u00eda: Leticia, La Pedrera, Tarapac\u00e1\u2026 Nari\u00f1o, El Putumayo Caquet\u00e1. O desde El litoral Pac\u00edfico en su extensi\u00f3n: R\u00edo Mira y El Anc\u00f3n de [&hellip;]<\/p>\n","protected":false},"author":2,"featured_media":0,"parent":0,"menu_order":0,"comment_status":"closed","ping_status":"closed","template":"page-templates\/template-home.php","meta":{"footnotes":""},"class_list":["post-3693","page","type-page","status-publish","hentry"],"_links":{"self":[{"href":"https:\/\/germancastrocaycedo.co\/portal\/wp-json\/wp\/v2\/pages\/3693","targetHints":{"allow":["GET"]}}],"collection":[{"href":"https:\/\/germancastrocaycedo.co\/portal\/wp-json\/wp\/v2\/pages"}],"about":[{"href":"https:\/\/germancastrocaycedo.co\/portal\/wp-json\/wp\/v2\/types\/page"}],"author":[{"embeddable":true,"href":"https:\/\/germancastrocaycedo.co\/portal\/wp-json\/wp\/v2\/users\/2"}],"replies":[{"embeddable":true,"href":"https:\/\/germancastrocaycedo.co\/portal\/wp-json\/wp\/v2\/comments?post=3693"}],"version-history":[{"count":26,"href":"https:\/\/germancastrocaycedo.co\/portal\/wp-json\/wp\/v2\/pages\/3693\/revisions"}],"predecessor-version":[{"id":5539,"href":"https:\/\/germancastrocaycedo.co\/portal\/wp-json\/wp\/v2\/pages\/3693\/revisions\/5539"}],"wp:attachment":[{"href":"https:\/\/germancastrocaycedo.co\/portal\/wp-json\/wp\/v2\/media?parent=3693"}],"curies":[{"name":"wp","href":"https:\/\/api.w.org\/{rel}","templated":true}]}}