{"id":2320,"date":"2015-11-20T10:10:38","date_gmt":"2015-11-20T10:10:38","guid":{"rendered":"http:\/\/http:\/\/germancastrocaycedo.co\/tt\/wordpress\/nominee\/?page_id=2320"},"modified":"2019-07-12T17:08:12","modified_gmt":"2019-07-12T22:08:12","slug":"home","status":"publish","type":"page","link":"https:\/\/germancastrocaycedo.co\/portal\/home\/","title":{"rendered":"Home"},"content":{"rendered":"[vc_row section_content_width=\u00bbcontainer-fullwidth\u00bb overlay_color=\u00bbyes\u00bb full_width=\u00bbstretch_row_content_no_spaces\u00bb css=\u00bb.vc_custom_1452704999463{margin-bottom: 0px !important;}\u00bb][vc_column][tt_home_slides][tt_home_slide intro_title_animation=\u00bbfadeInDown\u00bb intro_title_ani_delay=\u00bbdelay-1&#8243; title_part1_animation=\u00bbfadeInUp\u00bb title_part1_ani_delay=\u00bbdelay-3&#8243; title_part2_animation=\u00bbfadeInUp\u00bb title_part2_ani_delay=\u00bbdelay-4&#8243; slider_image=\u00bb3530&#8243; title_part1=\u00bbmucho antes de\u00bb title_part2=\u00bbcomenzar a escribir\u00bb intro-title=\u00bbHay que investigar\u00bb][tt_home_slide intro_title_animation=\u00bbfadeInDown\u00bb intro_title_ani_delay=\u00bbdelay-1&#8243; title_part1_animation=\u00bbfadeInUp\u00bb title_part1_ani_delay=\u00bbdelay-3&#8243; title_part2_animation=\u00bbfadeInUp\u00bb title_part2_ani_delay=\u00bbdelay-4&#8243; slider_image=\u00bb3533&#8243; title_part1=\u00bbde los viajes de\u00bb title_part2=\u00bbGerm\u00e1n Castro Caycedo\u00bb intro-title=\u00bbHistorias in\u00e9ditas\u00bb][\/tt_home_slides][\/vc_column][\/vc_row][vc_row css=\u00bb.vc_custom_1456927154828{margin-bottom: 0px !important;padding-top: 127px !important;}\u00bb el_id=\u00bbabout\u00bb][vc_column][tt_section_title title_alignment=\u00bbtext-center\u00bb section_separator=\u00bbno\u00bb title=\u00bbBiograf\u00eda\u00bb]Fue cronista general del diario<em> El Tiempo<\/em> durante diez a\u00f1os y luego creador del prestigioso programa de televisi\u00f3n <em>Enviado Especial<\/em> que marco un cambio en el periodismo televisivo colombiano y del cual fue director durante dos d\u00e9cadas.[\/tt_section_title][vc_row_inner css=\u00bb.vc_custom_1442425128475{margin-bottom: 0px !important;}\u00bb][vc_column_inner width=\u00bb1\/2&#8243; css=\u00bb.vc_custom_1447173784119{margin-bottom: 30px !important;}\u00bb][vc_column_text]\n<h3>Biograf\u00eda<\/h3>\n[\/vc_column_text][vc_column_text]Naci\u00f3 en Zipaquir\u00e1 en 1940<\/p>\n<p>El periodismo es el \u00fanico oficio que ha desempe\u00f1ado en su vida. Fue cronista general del diario<em> El Tiempo<\/em> durante diez a\u00f1os y luego creador del prestigioso programa de televisi\u00f3n <em>Enviado Especial<\/em> que marco un cambio en el periodismo televisivo colombiano y del cual fue director durante dos d\u00e9cadas.<\/p>\n<p>Ha ganado once premios nacionales de periodismo y ocho internacionales y ha escrito veintid\u00f3s libros de narrativa no-ficci\u00f3n.<\/p>\n<p>En 1999 por su obra <em>El Karina <\/em>(traducido a nueve idiomas) recibi\u00f3 el premio Rodolfo Walsh concedido a la mejor obra no-ficci\u00f3n publicada durante ese a\u00f1o en Espa\u00f1a.<\/p>\n<p>Su libro <em>Mi alma se la dejo al diablo<\/em> ha sido traducido a diez idiomas, y <em>Perdido en el Amazonas<\/em> a siete.<\/p>\n<p>En 1997 obtuvo el <em>Prix Futura<\/em> en Alemania, en 1998 el Mergenthaler-Am\u00e9rica Latina y en 2005 el premio de periodismo Planeta por su obra <em>Que la muerte espere<\/em>.<\/p>\n<p>Es uno de los escritores m\u00e1s le\u00eddos y con mayor credibilidad en su pa\u00eds.<\/p>\n<p>Su obra ha sido publicada en Europa y\u00a0 Am\u00e9rica Latina[\/vc_column_text][\/vc_column_inner][vc_column_inner width=\u00bb1\/2&#8243;][tt_popup styles=\u00bbstyle-two\u00bb cover_image=\u00bb3522&#8243; source_url=\u00bbhttps:\/\/www.youtube.com\/watch?v=x5j7_P1AMsI\u00bb][\/vc_column_inner][\/vc_row_inner][\/vc_column][\/vc_row][vc_row section_content_width=\u00bbcontainer-fullwidth\u00bb full_width=\u00bbstretch_row_content_no_spaces\u00bb css=\u00bb.vc_custom_1456930033036{margin-bottom: 0px !important;padding-top: 108px !important;padding-bottom: 95px !important;}\u00bb el_id=\u00bbreformation\u00bb][vc_column width=\u00bb1\/3&#8243;][\/vc_column][vc_column width=\u00bb1\/3&#8243;][tt_section_title title_alignment=\u00bbtext-center\u00bb section_separator=\u00bbno\u00bb title=\u00bbMis &#8211; libros\u00bb][\/tt_section_title][tt_gallery gallery_type=\u00bbimage-gallery\u00bb images=\u00bb3588,3589,3590,3591,3592,3593,3594,3595,3596,3597,3598,3599,3600,3601,3602,3603&#8243; css=\u00bb.vc_custom_1559403656646{background-color: #e2fccc !important;}\u00bb][\/vc_column][vc_column width=\u00bb1\/3&#8243;][\/vc_column][\/vc_row][vc_row full_width=\u00bbstretch_row\u00bb css=\u00bb.vc_custom_1456610535365{margin-bottom: 0px !important;padding-top: 125px !important;padding-bottom: 120px !important;background-color: #f4f4f4 !important;}\u00bb el_id=\u00bbpress\u00bb][vc_column][tt_section_title title_alignment=\u00bbtext-center\u00bb section_separator=\u00bbyes\u00bb title=\u00bb\u00daltimas &#8211; Noticias\u00bb][\/tt_section_title][tt_latest_post post_limit=\u00bb3&#8243; grid_column=\u00bb4&#8243; word_limit=\u00bb15&#8243; show_all_button=\u00bbno\u00bb][\/vc_column][\/vc_row][vc_row css=\u00bb.vc_custom_1444149999677{margin-bottom: 0px !important;padding-top: 130px !important;padding-bottom: 130px !important;}\u00bb el_id=\u00bbcontact\u00bb][vc_column][tt_section_title title_alignment=\u00bbtext-center\u00bb section_separator=\u00bbno\u00bb title=\u00bbCont\u00e1cto\u00bb css=\u00bb.vc_custom_1559402837399{margin-bottom: 70px !important;}\u00bb][\/tt_section_title][contact-form-7 id=\u00bb3316&#8243;][\/vc_column][\/vc_row]\n","protected":false},"excerpt":{"rendered":"<p>[vc_row section_content_width=\u00bbcontainer-fullwidth\u00bb overlay_color=\u00bbyes\u00bb full_width=\u00bbstretch_row_content_no_spaces\u00bb css=\u00bb.vc_custom_1452704999463{margin-bottom: 0px !important;}\u00bb][vc_column][tt_home_slides][tt_home_slide intro_title_animation=\u00bbfadeInDown\u00bb intro_title_ani_delay=\u00bbdelay-1&#8243; title_part1_animation=\u00bbfadeInUp\u00bb title_part1_ani_delay=\u00bbdelay-3&#8243; title_part2_animation=\u00bbfadeInUp\u00bb title_part2_ani_delay=\u00bbdelay-4&#8243; slider_image=\u00bb3530&#8243; title_part1=\u00bbmucho antes de\u00bb title_part2=\u00bbcomenzar a escribir\u00bb intro-title=\u00bbHay que investigar\u00bb][tt_home_slide intro_title_animation=\u00bbfadeInDown\u00bb intro_title_ani_delay=\u00bbdelay-1&#8243; title_part1_animation=\u00bbfadeInUp\u00bb title_part1_ani_delay=\u00bbdelay-3&#8243; title_part2_animation=\u00bbfadeInUp\u00bb title_part2_ani_delay=\u00bbdelay-4&#8243; slider_image=\u00bb3533&#8243; title_part1=\u00bbde los viajes de\u00bb title_part2=\u00bbGerm\u00e1n Castro Caycedo\u00bb intro-title=\u00bbHistorias in\u00e9ditas\u00bb][\/tt_home_slides][\/vc_column][\/vc_row][vc_row css=\u00bb.vc_custom_1456927154828{margin-bottom: 0px !important;padding-top: 127px !important;}\u00bb el_id=\u00bbabout\u00bb][vc_column][tt_section_title title_alignment=\u00bbtext-center\u00bb section_separator=\u00bbno\u00bb title=\u00bbBiograf\u00eda\u00bb]Fue cronista general del diario El Tiempo durante [&hellip;]<\/p>\n","protected":false},"author":2,"featured_media":0,"parent":0,"menu_order":0,"comment_status":"closed","ping_status":"closed","template":"page-templates\/template-home.php","meta":{"footnotes":""},"class_list":["post-2320","page","type-page","status-publish","hentry"],"_links":{"self":[{"href":"https:\/\/germancastrocaycedo.co\/portal\/wp-json\/wp\/v2\/pages\/2320","targetHints":{"allow":["GET"]}}],"collection":[{"href":"https:\/\/germancastrocaycedo.co\/portal\/wp-json\/wp\/v2\/pages"}],"about":[{"href":"https:\/\/germancastrocaycedo.co\/portal\/wp-json\/wp\/v2\/types\/page"}],"author":[{"embeddable":true,"href":"https:\/\/germancastrocaycedo.co\/portal\/wp-json\/wp\/v2\/users\/2"}],"replies":[{"embeddable":true,"href":"https:\/\/germancastrocaycedo.co\/portal\/wp-json\/wp\/v2\/comments?post=2320"}],"version-history":[{"count":25,"href":"https:\/\/germancastrocaycedo.co\/portal\/wp-json\/wp\/v2\/pages\/2320\/revisions"}],"predecessor-version":[{"id":3518,"href":"https:\/\/germancastrocaycedo.co\/portal\/wp-json\/wp\/v2\/pages\/2320\/revisions\/3518"}],"wp:attachment":[{"href":"https:\/\/germancastrocaycedo.co\/portal\/wp-json\/wp\/v2\/media?parent=2320"}],"curies":[{"name":"wp","href":"https:\/\/api.w.org\/{rel}","templated":true}]}}